{"id":3327,"date":"2023-06-19T14:15:53","date_gmt":"2023-06-19T11:15:53","guid":{"rendered":"https:\/\/micropolis.fi\/circlab\/"},"modified":"2023-10-30T15:23:15","modified_gmt":"2023-10-30T13:23:15","slug":"circlab","status":"publish","type":"page","link":"https:\/\/micropolis.fi\/en\/circlab\/","title":{"rendered":"CircLab"},"content":{"rendered":"","protected":false},"excerpt":{"rendered":"","protected":false},"author":2,"featured_media":0,"parent":0,"menu_order":0,"comment_status":"closed","ping_status":"closed","template":"","meta":{"_acf_changed":false,"footnotes":""},"class_list":["post-3327","page","type-page","status-publish","hentry"],"acf":[],"yoast_head":"<!-- This site is optimized with the Yoast SEO plugin v27.4 - https:\/\/yoast.com\/product\/yoast-seo-wordpress\/ -->\n<title>CircLab - Micropolis<\/title>\n<meta name=\"description\" content=\"CircLab is an R&amp;D environment for large-scale demonstrating of nutrient recycling technologies, products, and services in Micropolis in Ii.\" \/>\n<meta name=\"robots\" content=\"index, follow, max-snippet:-1, max-image-preview:large, max-video-preview:-1\" \/>\n<link rel=\"canonical\" href=\"https:\/\/micropolis.fi\/en\/circlab\/\" \/>\n<meta property=\"og:locale\" content=\"en_US\" \/>\n<meta property=\"og:type\" content=\"article\" \/>\n<meta property=\"og:title\" content=\"CircLab - Micropolis\" \/>\n<meta property=\"og:description\" content=\"CircLab is an R&amp;D environment for large-scale demonstrating of nutrient recycling technologies, products, and services in Micropolis in Ii.\" \/>\n<meta property=\"og:url\" content=\"https:\/\/micropolis.fi\/en\/circlab\/\" \/>\n<meta property=\"og:site_name\" content=\"Micropolis\" \/>\n<meta property=\"article:modified_time\" content=\"2023-10-30T13:23:15+00:00\" \/>\n<meta name=\"twitter:card\" content=\"summary_large_image\" \/>\n<script type=\"application\/ld+json\" class=\"yoast-schema-graph\">{\"@context\":\"https:\\\/\\\/schema.org\",\"@graph\":[{\"@type\":\"WebPage\",\"@id\":\"https:\\\/\\\/micropolis.fi\\\/en\\\/circlab\\\/\",\"url\":\"https:\\\/\\\/micropolis.fi\\\/en\\\/circlab\\\/\",\"name\":\"CircLab - Micropolis\",\"isPartOf\":{\"@id\":\"https:\\\/\\\/micropolis.fi\\\/#website\"},\"datePublished\":\"2023-06-19T11:15:53+00:00\",\"dateModified\":\"2023-10-30T13:23:15+00:00\",\"description\":\"CircLab is an R&D environment for large-scale demonstrating of nutrient recycling technologies, products, and services in Micropolis in Ii.\",\"breadcrumb\":{\"@id\":\"https:\\\/\\\/micropolis.fi\\\/en\\\/circlab\\\/#breadcrumb\"},\"inLanguage\":\"en-US\",\"potentialAction\":[{\"@type\":\"ReadAction\",\"target\":[\"https:\\\/\\\/micropolis.fi\\\/en\\\/circlab\\\/\"]}]},{\"@type\":\"BreadcrumbList\",\"@id\":\"https:\\\/\\\/micropolis.fi\\\/en\\\/circlab\\\/#breadcrumb\",\"itemListElement\":[{\"@type\":\"ListItem\",\"position\":1,\"name\":\"Etusivu\",\"item\":\"https:\\\/\\\/micropolis.fi\\\/en\\\/\"},{\"@type\":\"ListItem\",\"position\":2,\"name\":\"CircLab\"}]},{\"@type\":\"WebSite\",\"@id\":\"https:\\\/\\\/micropolis.fi\\\/#website\",\"url\":\"https:\\\/\\\/micropolis.fi\\\/\",\"name\":\"Micropolis\",\"description\":\"Kasvua, kehityst\u00e4 ja ymp\u00e4rist\u00f6alan osaamista\",\"potentialAction\":[{\"@type\":\"SearchAction\",\"target\":{\"@type\":\"EntryPoint\",\"urlTemplate\":\"https:\\\/\\\/micropolis.fi\\\/?s={search_term_string}\"},\"query-input\":{\"@type\":\"PropertyValueSpecification\",\"valueRequired\":true,\"valueName\":\"search_term_string\"}}],\"inLanguage\":\"en-US\"}]}<\/script>\n<!-- \/ Yoast SEO plugin. -->","yoast_head_json":{"title":"CircLab - Micropolis","description":"CircLab is an R&D environment for large-scale demonstrating of nutrient recycling technologies, products, and services in Micropolis in Ii.","robots":{"index":"index","follow":"follow","max-snippet":"max-snippet:-1","max-image-preview":"max-image-preview:large","max-video-preview":"max-video-preview:-1"},"canonical":"https:\/\/micropolis.fi\/en\/circlab\/","og_locale":"en_US","og_type":"article","og_title":"CircLab - Micropolis","og_description":"CircLab is an R&D environment for large-scale demonstrating of nutrient recycling technologies, products, and services in Micropolis in Ii.","og_url":"https:\/\/micropolis.fi\/en\/circlab\/","og_site_name":"Micropolis","article_modified_time":"2023-10-30T13:23:15+00:00","twitter_card":"summary_large_image","schema":{"@context":"https:\/\/schema.org","@graph":[{"@type":"WebPage","@id":"https:\/\/micropolis.fi\/en\/circlab\/","url":"https:\/\/micropolis.fi\/en\/circlab\/","name":"CircLab - Micropolis","isPartOf":{"@id":"https:\/\/micropolis.fi\/#website"},"datePublished":"2023-06-19T11:15:53+00:00","dateModified":"2023-10-30T13:23:15+00:00","description":"CircLab is an R&D environment for large-scale demonstrating of nutrient recycling technologies, products, and services in Micropolis in Ii.","breadcrumb":{"@id":"https:\/\/micropolis.fi\/en\/circlab\/#breadcrumb"},"inLanguage":"en-US","potentialAction":[{"@type":"ReadAction","target":["https:\/\/micropolis.fi\/en\/circlab\/"]}]},{"@type":"BreadcrumbList","@id":"https:\/\/micropolis.fi\/en\/circlab\/#breadcrumb","itemListElement":[{"@type":"ListItem","position":1,"name":"Etusivu","item":"https:\/\/micropolis.fi\/en\/"},{"@type":"ListItem","position":2,"name":"CircLab"}]},{"@type":"WebSite","@id":"https:\/\/micropolis.fi\/#website","url":"https:\/\/micropolis.fi\/","name":"Micropolis","description":"Kasvua, kehityst\u00e4 ja ymp\u00e4rist\u00f6alan osaamista","potentialAction":[{"@type":"SearchAction","target":{"@type":"EntryPoint","urlTemplate":"https:\/\/micropolis.fi\/?s={search_term_string}"},"query-input":{"@type":"PropertyValueSpecification","valueRequired":true,"valueName":"search_term_string"}}],"inLanguage":"en-US"}]}},"_links":{"self":[{"href":"https:\/\/micropolis.fi\/en\/wp-json\/wp\/v2\/pages\/3327","targetHints":{"allow":["GET"]}}],"collection":[{"href":"https:\/\/micropolis.fi\/en\/wp-json\/wp\/v2\/pages"}],"about":[{"href":"https:\/\/micropolis.fi\/en\/wp-json\/wp\/v2\/types\/page"}],"author":[{"embeddable":true,"href":"https:\/\/micropolis.fi\/en\/wp-json\/wp\/v2\/users\/2"}],"replies":[{"embeddable":true,"href":"https:\/\/micropolis.fi\/en\/wp-json\/wp\/v2\/comments?post=3327"}],"version-history":[{"count":20,"href":"https:\/\/micropolis.fi\/en\/wp-json\/wp\/v2\/pages\/3327\/revisions"}],"predecessor-version":[{"id":3781,"href":"https:\/\/micropolis.fi\/en\/wp-json\/wp\/v2\/pages\/3327\/revisions\/3781"}],"wp:attachment":[{"href":"https:\/\/micropolis.fi\/en\/wp-json\/wp\/v2\/media?parent=3327"}],"curies":[{"name":"wp","href":"https:\/\/api.w.org\/{rel}","templated":true}]}}