{"id":1946,"date":"2020-11-04T10:52:35","date_gmt":"2020-11-04T08:52:35","guid":{"rendered":"https:\/\/demo.uleaborg.com\/micropolis\/etusivu\/"},"modified":"2023-12-20T12:39:56","modified_gmt":"2023-12-20T10:39:56","slug":"etusivu","status":"publish","type":"page","link":"https:\/\/micropolis.fi\/en\/","title":{"rendered":"Home"},"content":{"rendered":"","protected":false},"excerpt":{"rendered":"","protected":false},"author":2,"featured_media":0,"parent":0,"menu_order":2,"comment_status":"closed","ping_status":"closed","template":"page-home.php","meta":{"_acf_changed":false,"footnotes":""},"class_list":["post-1946","page","type-page","status-publish","hentry"],"acf":[],"yoast_head":"<!-- This site is optimized with the Yoast SEO plugin v27.4 - https:\/\/yoast.com\/product\/yoast-seo-wordpress\/ -->\n<title>Home - Micropolis<\/title>\n<meta name=\"robots\" content=\"index, follow, max-snippet:-1, max-image-preview:large, max-video-preview:-1\" \/>\n<link rel=\"canonical\" href=\"https:\/\/micropolis.fi\/en\/\" \/>\n<meta property=\"og:locale\" content=\"en_US\" \/>\n<meta property=\"og:type\" content=\"article\" \/>\n<meta property=\"og:title\" content=\"Home - Micropolis\" \/>\n<meta property=\"og:url\" content=\"https:\/\/micropolis.fi\/en\/\" \/>\n<meta property=\"og:site_name\" content=\"Micropolis\" \/>\n<meta property=\"article:modified_time\" content=\"2023-12-20T10:39:56+00:00\" \/>\n<meta name=\"twitter:card\" content=\"summary_large_image\" \/>\n<script type=\"application\/ld+json\" class=\"yoast-schema-graph\">{\"@context\":\"https:\\\/\\\/schema.org\",\"@graph\":[{\"@type\":\"WebPage\",\"@id\":\"https:\\\/\\\/micropolis.fi\\\/en\\\/\",\"url\":\"https:\\\/\\\/micropolis.fi\\\/en\\\/\",\"name\":\"Home - Micropolis\",\"isPartOf\":{\"@id\":\"https:\\\/\\\/micropolis.fi\\\/#website\"},\"datePublished\":\"2020-11-04T08:52:35+00:00\",\"dateModified\":\"2023-12-20T10:39:56+00:00\",\"breadcrumb\":{\"@id\":\"https:\\\/\\\/micropolis.fi\\\/en\\\/#breadcrumb\"},\"inLanguage\":\"en-US\",\"potentialAction\":[{\"@type\":\"ReadAction\",\"target\":[\"https:\\\/\\\/micropolis.fi\\\/en\\\/\"]}]},{\"@type\":\"BreadcrumbList\",\"@id\":\"https:\\\/\\\/micropolis.fi\\\/en\\\/#breadcrumb\",\"itemListElement\":[{\"@type\":\"ListItem\",\"position\":1,\"name\":\"Etusivu\",\"item\":\"https:\\\/\\\/micropolis.fi\\\/en\\\/\"},{\"@type\":\"ListItem\",\"position\":2,\"name\":\"Home\"}]},{\"@type\":\"WebSite\",\"@id\":\"https:\\\/\\\/micropolis.fi\\\/#website\",\"url\":\"https:\\\/\\\/micropolis.fi\\\/\",\"name\":\"Micropolis\",\"description\":\"Kasvua, kehityst\u00e4 ja ymp\u00e4rist\u00f6alan osaamista\",\"potentialAction\":[{\"@type\":\"SearchAction\",\"target\":{\"@type\":\"EntryPoint\",\"urlTemplate\":\"https:\\\/\\\/micropolis.fi\\\/?s={search_term_string}\"},\"query-input\":{\"@type\":\"PropertyValueSpecification\",\"valueRequired\":true,\"valueName\":\"search_term_string\"}}],\"inLanguage\":\"en-US\"}]}<\/script>\n<!-- \/ Yoast SEO plugin. -->","yoast_head_json":{"title":"Home - Micropolis","robots":{"index":"index","follow":"follow","max-snippet":"max-snippet:-1","max-image-preview":"max-image-preview:large","max-video-preview":"max-video-preview:-1"},"canonical":"https:\/\/micropolis.fi\/en\/","og_locale":"en_US","og_type":"article","og_title":"Home - Micropolis","og_url":"https:\/\/micropolis.fi\/en\/","og_site_name":"Micropolis","article_modified_time":"2023-12-20T10:39:56+00:00","twitter_card":"summary_large_image","schema":{"@context":"https:\/\/schema.org","@graph":[{"@type":"WebPage","@id":"https:\/\/micropolis.fi\/en\/","url":"https:\/\/micropolis.fi\/en\/","name":"Home - Micropolis","isPartOf":{"@id":"https:\/\/micropolis.fi\/#website"},"datePublished":"2020-11-04T08:52:35+00:00","dateModified":"2023-12-20T10:39:56+00:00","breadcrumb":{"@id":"https:\/\/micropolis.fi\/en\/#breadcrumb"},"inLanguage":"en-US","potentialAction":[{"@type":"ReadAction","target":["https:\/\/micropolis.fi\/en\/"]}]},{"@type":"BreadcrumbList","@id":"https:\/\/micropolis.fi\/en\/#breadcrumb","itemListElement":[{"@type":"ListItem","position":1,"name":"Etusivu","item":"https:\/\/micropolis.fi\/en\/"},{"@type":"ListItem","position":2,"name":"Home"}]},{"@type":"WebSite","@id":"https:\/\/micropolis.fi\/#website","url":"https:\/\/micropolis.fi\/","name":"Micropolis","description":"Kasvua, kehityst\u00e4 ja ymp\u00e4rist\u00f6alan osaamista","potentialAction":[{"@type":"SearchAction","target":{"@type":"EntryPoint","urlTemplate":"https:\/\/micropolis.fi\/?s={search_term_string}"},"query-input":{"@type":"PropertyValueSpecification","valueRequired":true,"valueName":"search_term_string"}}],"inLanguage":"en-US"}]}},"_links":{"self":[{"href":"https:\/\/micropolis.fi\/en\/wp-json\/wp\/v2\/pages\/1946","targetHints":{"allow":["GET"]}}],"collection":[{"href":"https:\/\/micropolis.fi\/en\/wp-json\/wp\/v2\/pages"}],"about":[{"href":"https:\/\/micropolis.fi\/en\/wp-json\/wp\/v2\/types\/page"}],"author":[{"embeddable":true,"href":"https:\/\/micropolis.fi\/en\/wp-json\/wp\/v2\/users\/2"}],"replies":[{"embeddable":true,"href":"https:\/\/micropolis.fi\/en\/wp-json\/wp\/v2\/comments?post=1946"}],"version-history":[{"count":21,"href":"https:\/\/micropolis.fi\/en\/wp-json\/wp\/v2\/pages\/1946\/revisions"}],"predecessor-version":[{"id":3842,"href":"https:\/\/micropolis.fi\/en\/wp-json\/wp\/v2\/pages\/1946\/revisions\/3842"}],"wp:attachment":[{"href":"https:\/\/micropolis.fi\/en\/wp-json\/wp\/v2\/media?parent=1946"}],"curies":[{"name":"wp","href":"https:\/\/api.w.org\/{rel}","templated":true}]}}